{"id":3504,"date":"2025-10-17T12:14:41","date_gmt":"2025-10-17T10:14:41","guid":{"rendered":"https:\/\/aral.cat\/lotes-de-navidad-para-empresas\/"},"modified":"2025-10-17T12:35:57","modified_gmt":"2025-10-17T10:35:57","slug":"lotes-de-navidad-para-empresas","status":"publish","type":"page","link":"https:\/\/aral.cat\/es\/lotes-de-navidad-para-empresas\/","title":{"rendered":"Lotes de Navidad para empresas"},"content":{"rendered":"\t\t<div data-elementor-type=\"wp-page\" data-elementor-id=\"3504\" class=\"elementor elementor-3504 elementor-3456\" data-elementor-post-type=\"page\">\n\t\t\t\t\t\t<section class=\"elementor-section elementor-top-section elementor-element elementor-element-ece917b elementor-section-height-min-height elementor-section-content-middle elementor-section-boxed elementor-section-height-default elementor-section-items-middle\" data-id=\"ece917b\" data-element_type=\"section\" data-e-type=\"section\" data-settings=\"{&quot;background_background&quot;:&quot;classic&quot;}\">\n\t\t\t\t\t\t\t<div class=\"elementor-background-overlay\"><\/div>\n\t\t\t\t\t\t\t<div class=\"elementor-container elementor-column-gap-default\">\n\t\t\t\t\t<div class=\"elementor-column elementor-col-50 elementor-top-column elementor-element elementor-element-df174f1\" data-id=\"df174f1\" data-element_type=\"column\" data-e-type=\"column\">\n\t\t\t<div class=\"elementor-widget-wrap elementor-element-populated\">\n\t\t\t\t\t\t<div class=\"elementor-element elementor-element-097b307 elementor-invisible elementor-widget elementor-widget-heading\" data-id=\"097b307\" data-element_type=\"widget\" data-e-type=\"widget\" data-settings=\"{&quot;_animation&quot;:&quot;fadeInUp&quot;,&quot;_animation_delay&quot;:100}\" data-widget_type=\"heading.default\">\n\t\t\t\t<div class=\"elementor-widget-container\">\n\t\t\t\t\t<h2 class=\"elementor-heading-title elementor-size-default\">Cestas y lotes de Navidad <br><small>para empresas<\/small><\/h2>\t\t\t\t<\/div>\n\t\t\t\t<\/div>\n\t\t\t\t\t<\/div>\n\t\t<\/div>\n\t\t\t\t<div class=\"elementor-column elementor-col-50 elementor-top-column elementor-element elementor-element-746e452\" data-id=\"746e452\" data-element_type=\"column\" data-e-type=\"column\">\n\t\t\t<div class=\"elementor-widget-wrap elementor-element-populated\">\n\t\t\t\t\t\t<div class=\"elementor-element elementor-element-2a64716 animated-fast elementor-invisible elementor-widget elementor-widget-image\" data-id=\"2a64716\" data-element_type=\"widget\" data-e-type=\"widget\" data-settings=\"{&quot;_animation&quot;:&quot;fadeInRight&quot;,&quot;_animation_delay&quot;:300}\" data-widget_type=\"image.default\">\n\t\t\t\t<div class=\"elementor-widget-container\">\n\t\t\t\t\t\t\t\t\t\t\t\t\t\t\t<img fetchpriority=\"high\" decoding=\"async\" width=\"600\" height=\"595\" src=\"https:\/\/aral.cat\/wp-content\/uploads\/2025\/10\/lots-de-nadal-per-empreses.webp\" class=\"attachment-full size-full wp-image-3461\" alt=\"\" srcset=\"https:\/\/aral.cat\/wp-content\/uploads\/2025\/10\/lots-de-nadal-per-empreses.webp 600w, https:\/\/aral.cat\/wp-content\/uploads\/2025\/10\/lots-de-nadal-per-empreses-300x298.webp 300w, https:\/\/aral.cat\/wp-content\/uploads\/2025\/10\/lots-de-nadal-per-empreses-150x150.webp 150w\" sizes=\"(max-width: 600px) 100vw, 600px\" \/>\t\t\t\t\t\t\t\t\t\t\t\t\t\t\t<\/div>\n\t\t\t\t<\/div>\n\t\t\t\t\t<\/div>\n\t\t<\/div>\n\t\t\t\t\t<\/div>\n\t\t<\/section>\n\t\t<div class=\"elementor-element elementor-element-8637b8f e-flex e-con-boxed e-con e-parent\" data-id=\"8637b8f\" data-element_type=\"container\" data-e-type=\"container\">\n\t\t\t\t\t<div class=\"e-con-inner\">\n\t\t<div class=\"elementor-element elementor-element-33ffa34 e-con-full e-flex e-con e-child\" data-id=\"33ffa34\" data-element_type=\"container\" data-e-type=\"container\">\n\t\t\t\t<div class=\"elementor-element elementor-element-50de61c elementor-widget elementor-widget-heading\" data-id=\"50de61c\" data-element_type=\"widget\" data-e-type=\"widget\" data-widget_type=\"heading.default\">\n\t\t\t\t<div class=\"elementor-widget-container\">\n\t\t\t\t\t<h2 class=\"elementor-heading-title elementor-size-default\">Sorprenda a su equipo y clientes con lotes y cestas de Navidad \u00fanicos, dise\u00f1ados para emocionar y transmitir agradecimiento.<\/h2>\t\t\t\t<\/div>\n\t\t\t\t<\/div>\n\t\t\t\t<\/div>\n\t\t\t\t\t<\/div>\n\t\t\t\t<\/div>\n\t\t<div class=\"elementor-element elementor-element-cf80651 e-flex e-con-boxed e-con e-parent\" data-id=\"cf80651\" data-element_type=\"container\" data-e-type=\"container\">\n\t\t\t\t\t<div class=\"e-con-inner\">\n\t\t<div class=\"elementor-element elementor-element-6ff823a e-con-full e-flex e-con e-child\" data-id=\"6ff823a\" data-element_type=\"container\" data-e-type=\"container\">\n\t\t\t\t<div class=\"elementor-element elementor-element-ff63ec0 elementor-widget elementor-widget-heading\" data-id=\"ff63ec0\" data-element_type=\"widget\" data-e-type=\"widget\" data-widget_type=\"heading.default\">\n\t\t\t\t<div class=\"elementor-widget-container\">\n\t\t\t\t\t<h2 class=\"elementor-heading-title elementor-size-default\">Descubra nuestro cat\u00e1logo y elija el regalo perfecto para su empresa.<\/h2>\t\t\t\t<\/div>\n\t\t\t\t<\/div>\n\t\t\t\t<div class=\"elementor-element elementor-element-b35b8cf elementor-align-center elementor-widget elementor-widget-button\" data-id=\"b35b8cf\" data-element_type=\"widget\" data-e-type=\"widget\" data-widget_type=\"button.default\">\n\t\t\t\t<div class=\"elementor-widget-container\">\n\t\t\t\t\t\t\t\t\t<div class=\"elementor-button-wrapper\">\n\t\t\t\t\t<a class=\"elementor-button elementor-button-link elementor-size-sm\" href=\"https:\/\/aral.cat\/wp-content\/uploads\/2025\/09\/Cataleg_Aral_Nadal_2025.pdf\">\n\t\t\t\t\t\t<span class=\"elementor-button-content-wrapper\">\n\t\t\t\t\t\t\t\t\t<span class=\"elementor-button-text\">DESCARGUE EL CAT\u00c1LOGO EN PDF<\/span>\n\t\t\t\t\t<\/span>\n\t\t\t\t\t<\/a>\n\t\t\t\t<\/div>\n\t\t\t\t\t\t\t\t<\/div>\n\t\t\t\t<\/div>\n\t\t\t\t<div class=\"elementor-element elementor-element-ca1bbad elementor-widget elementor-widget-text-editor\" data-id=\"ca1bbad\" data-element_type=\"widget\" data-e-type=\"widget\" data-widget_type=\"text-editor.default\">\n\t\t\t\t<div class=\"elementor-widget-container\">\n\t\t\t\t\t\t\t\t\t<p>Ponemos a su disposici\u00f3n el amplio cat\u00e1logo de la<strong> empresa Mart\u00ed<\/strong>, especialistas en el dise\u00f1o y fabricaci\u00f3n de lotes y cestas de Navidad. La calidad de los productos, la presentaci\u00f3n, la eficiencia y la seriedad en el servicio los han convertido en una de las empresas l\u00edderes y con m\u00e1s prestigio del sector de las cestas de Navidad.<\/p>\n\t\t\t\t\t\t\t\t<\/div>\n\t\t\t\t<\/div>\n\t\t\t\t<div class=\"elementor-element elementor-element-3463fd2 elementor-widget elementor-widget-heading\" data-id=\"3463fd2\" data-element_type=\"widget\" data-e-type=\"widget\" data-widget_type=\"heading.default\">\n\t\t\t\t<div class=\"elementor-widget-container\">\n\t\t\t\t\t<h4 class=\"elementor-heading-title elementor-size-default\">Celebre la Navidad con detalles que marcan la diferencia.<\/h4>\t\t\t\t<\/div>\n\t\t\t\t<\/div>\n\t\t\t\t<\/div>\n\t\t<div class=\"elementor-element elementor-element-f9f9eb6 e-con-full e-flex e-con e-child\" data-id=\"f9f9eb6\" data-element_type=\"container\" data-e-type=\"container\" data-settings=\"{&quot;background_background&quot;:&quot;classic&quot;}\">\n\t\t\t\t<div class=\"elementor-element elementor-element-e890d74 elementor-widget elementor-widget-heading\" data-id=\"e890d74\" data-element_type=\"widget\" data-e-type=\"widget\" data-widget_type=\"heading.default\">\n\t\t\t\t<div class=\"elementor-widget-container\">\n\t\t\t\t\t<h2 class=\"elementor-heading-title elementor-size-default\">Solicite m\u00e1s informaci\u00f3n<\/h2>\t\t\t\t<\/div>\n\t\t\t\t<\/div>\n\t\t\t\t<div class=\"elementor-element elementor-element-127dfe0 elementor-button-align-center elementor-widget__width-auto elementor-widget elementor-widget-form\" data-id=\"127dfe0\" data-element_type=\"widget\" data-e-type=\"widget\" data-settings=\"{&quot;step_next_label&quot;:&quot;Next&quot;,&quot;step_previous_label&quot;:&quot;Previous&quot;,&quot;button_width&quot;:&quot;100&quot;,&quot;step_type&quot;:&quot;number_text&quot;,&quot;step_icon_shape&quot;:&quot;circle&quot;}\" data-widget_type=\"form.default\">\n\t\t\t\t<div class=\"elementor-widget-container\">\n\t\t\t\t\t\t\t<form class=\"elementor-form\" method=\"post\" data-wpl_tracker=\"{&quot;adwords&quot;:true,&quot;adwords_label&quot;:&quot;fJDACMPc7q4bEJHqwfYo&quot;,&quot;adwords_currency&quot;:&quot;EUR&quot;,&quot;adwords_value&quot;:1,&quot;adwords_id&quot;:&quot;AW-370280497&quot;}\" class=\"events-tracker-for-elementor\" name=\"Contact form\" aria-label=\"Contact form\">\n\t\t\t<input type=\"hidden\" name=\"post_id\" value=\"3504\"\/>\n\t\t\t<input type=\"hidden\" name=\"form_id\" value=\"127dfe0\"\/>\n\t\t\t<input type=\"hidden\" name=\"referer_title\" value=\"Lotes de Navidad para empresas - Aral\" \/>\n\n\t\t\t\t\t\t\t<input type=\"hidden\" name=\"queried_id\" value=\"3504\"\/>\n\t\t\t\n\t\t\t<div class=\"elementor-form-fields-wrapper elementor-labels-\">\n\t\t\t\t\t\t\t\t<div class=\"elementor-field-type-text elementor-field-group elementor-column elementor-field-group-name elementor-col-100\">\n\t\t\t\t\t\t\t\t\t\t\t\t<label for=\"form-field-name\" class=\"elementor-field-label elementor-screen-only\">\n\t\t\t\t\t\t\t\tNombre\t\t\t\t\t\t\t<\/label>\n\t\t\t\t\t\t\t\t\t\t\t\t\t\t<input size=\"1\" type=\"text\" name=\"form_fields[name]\" id=\"form-field-name\" class=\"elementor-field elementor-size-sm  elementor-field-textual\" placeholder=\"Nombre\">\n\t\t\t\t\t\t\t\t\t\t\t<\/div>\n\t\t\t\t\t\t\t\t<div class=\"elementor-field-type-email elementor-field-group elementor-column elementor-field-group-email elementor-col-100 elementor-field-required\">\n\t\t\t\t\t\t\t\t\t\t\t\t<label for=\"form-field-email\" class=\"elementor-field-label elementor-screen-only\">\n\t\t\t\t\t\t\t\tEmail\t\t\t\t\t\t\t<\/label>\n\t\t\t\t\t\t\t\t\t\t\t\t\t\t<input size=\"1\" type=\"email\" name=\"form_fields[email]\" id=\"form-field-email\" class=\"elementor-field elementor-size-sm  elementor-field-textual\" placeholder=\"Email\" required=\"required\">\n\t\t\t\t\t\t\t\t\t\t\t<\/div>\n\t\t\t\t\t\t\t\t<div class=\"elementor-field-type-tel elementor-field-group elementor-column elementor-field-group-field_1 elementor-col-100\">\n\t\t\t\t\t\t\t\t\t\t\t\t<label for=\"form-field-field_1\" class=\"elementor-field-label elementor-screen-only\">\n\t\t\t\t\t\t\t\tTel\u00e9fono\t\t\t\t\t\t\t<\/label>\n\t\t\t\t\t\t\t\t<input size=\"1\" type=\"tel\" name=\"form_fields[field_1]\" id=\"form-field-field_1\" class=\"elementor-field elementor-size-sm  elementor-field-textual\" placeholder=\"Tel\u00e9fono\" pattern=\"[0-9()#&amp;+*-=.]+\" title=\"Solo se aceptan n\u00fameros y caracteres de tel\u00e9fono (#,-,*,etc).\">\n\n\t\t\t\t\t\t<\/div>\n\t\t\t\t\t\t\t\t<div class=\"elementor-field-type-textarea elementor-field-group elementor-column elementor-field-group-message elementor-col-100\">\n\t\t\t\t\t\t\t\t\t\t\t\t<label for=\"form-field-message\" class=\"elementor-field-label elementor-screen-only\">\n\t\t\t\t\t\t\t\tMensaje\t\t\t\t\t\t\t<\/label>\n\t\t\t\t\t\t<textarea class=\"elementor-field-textual elementor-field  elementor-size-sm\" name=\"form_fields[message]\" id=\"form-field-message\" rows=\"4\" placeholder=\"Mensaje\"><\/textarea>\t\t\t\t<\/div>\n\t\t\t\t\t\t\t\t<div class=\"elementor-field-type-acceptance elementor-field-group elementor-column elementor-field-group-field_31fe4f6 elementor-col-100 elementor-field-required\">\n\t\t\t\t\t\t\t\t\t\t\t\t<label for=\"form-field-field_31fe4f6\" class=\"elementor-field-label elementor-screen-only\">\n\t\t\t\t\t\t\t\tPrivacidad\t\t\t\t\t\t\t<\/label>\n\t\t\t\t\t\t\t\t<div class=\"elementor-field-subgroup\">\n\t\t\t<span class=\"elementor-field-option\">\n\t\t\t\t<input type=\"checkbox\" name=\"form_fields[field_31fe4f6]\" id=\"form-field-field_31fe4f6\" class=\"elementor-field elementor-size-sm  elementor-acceptance-field\" required=\"required\">\n\t\t\t\t<label for=\"form-field-field_31fe4f6\">He le\u00eddo y acepto la pol\u00edtica de privacidad.<\/label>\t\t\t<\/span>\n\t\t<\/div>\n\t\t\t\t\t\t<\/div>\n\t\t\t\t\t\t\t\t<div class=\"elementor-field-type-recaptcha_v3 elementor-field-group elementor-column elementor-field-group-field_27b5af9 elementor-col-100 recaptcha_v3-inline\">\n\t\t\t\t\t<div class=\"elementor-field\" id=\"form-field-field_27b5af9\"><div class=\"elementor-g-recaptcha\" data-sitekey=\"6Lea0d4ZAAAAAFeWrcG6QEIToRFQffxtHCvO_PJJ\" data-type=\"v3\" data-action=\"Form\" data-badge=\"inline\" data-size=\"invisible\"><\/div><\/div>\t\t\t\t<\/div>\n\t\t\t\t\t\t\t\t<div class=\"elementor-field-group elementor-column elementor-field-type-submit elementor-col-100 e-form__buttons\">\n\t\t\t\t\t<button class=\"elementor-button elementor-size-sm\" type=\"submit\">\n\t\t\t\t\t\t<span class=\"elementor-button-content-wrapper\">\n\t\t\t\t\t\t\t\t\t\t\t\t\t\t\t\t\t\t\t\t\t\t<span class=\"elementor-button-text\">Enviar<\/span>\n\t\t\t\t\t\t\t\t\t\t\t\t\t<\/span>\n\t\t\t\t\t<\/button>\n\t\t\t\t<\/div>\n\t\t\t<\/div>\n\t\t<\/form>\n\t\t\t\t\t\t<\/div>\n\t\t\t\t<\/div>\n\t\t\t\t<\/div>\n\t\t\t\t\t<\/div>\n\t\t\t\t<\/div>\n\t\t\t\t<\/div>\n\t\t","protected":false},"excerpt":{"rendered":"<p>Cestas y lotes de Navidad para empresas Sorprenda a su equipo y clientes con lotes y cestas de Navidad \u00fanicos, dise\u00f1ados para emocionar y transmitir agradecimiento. Descubra nuestro cat\u00e1logo y elija el regalo perfecto para su empresa. DESCARGUE EL CAT\u00c1LOGO EN PDF Ponemos a su disposici\u00f3n el amplio cat\u00e1logo de la empresa Mart\u00ed, especialistas en [&hellip;]<\/p>\n","protected":false},"author":1,"featured_media":0,"parent":0,"menu_order":0,"comment_status":"closed","ping_status":"closed","template":"","meta":{"_acf_changed":false,"footnotes":""},"class_list":["post-3504","page","type-page","status-publish","hentry"],"acf":[],"yoast_head":"<!-- This site is optimized with the Yoast SEO plugin v26.9 - https:\/\/yoast.com\/product\/yoast-seo-wordpress\/ -->\n<title>Lotes de Navidad para empresas - Aral<\/title>\n<meta name=\"robots\" content=\"index, follow, max-snippet:-1, max-image-preview:large, max-video-preview:-1\" \/>\n<link rel=\"canonical\" href=\"https:\/\/aral.cat\/es\/lotes-de-navidad-para-empresas\/\" \/>\n<meta property=\"og:locale\" content=\"es_ES\" \/>\n<meta property=\"og:type\" content=\"article\" \/>\n<meta property=\"og:title\" content=\"Lotes de Navidad para empresas - Aral\" \/>\n<meta property=\"og:description\" content=\"Cestas y lotes de Navidad para empresas Sorprenda a su equipo y clientes con lotes y cestas de Navidad \u00fanicos, dise\u00f1ados para emocionar y transmitir agradecimiento. Descubra nuestro cat\u00e1logo y elija el regalo perfecto para su empresa. DESCARGUE EL CAT\u00c1LOGO EN PDF Ponemos a su disposici\u00f3n el amplio cat\u00e1logo de la empresa Mart\u00ed, especialistas en [&hellip;]\" \/>\n<meta property=\"og:url\" content=\"https:\/\/aral.cat\/es\/lotes-de-navidad-para-empresas\/\" \/>\n<meta property=\"og:site_name\" content=\"Aral\" \/>\n<meta property=\"article:publisher\" content=\"https:\/\/www.facebook.com\/distribucionsaral\" \/>\n<meta property=\"article:modified_time\" content=\"2025-10-17T10:35:57+00:00\" \/>\n<meta property=\"og:image\" content=\"https:\/\/aral.cat\/wp-content\/uploads\/2025\/10\/lots-de-nadal-per-empreses.webp\" \/>\n\t<meta property=\"og:image:width\" content=\"600\" \/>\n\t<meta property=\"og:image:height\" content=\"595\" \/>\n\t<meta property=\"og:image:type\" content=\"image\/webp\" \/>\n<meta name=\"twitter:card\" content=\"summary_large_image\" \/>\n<meta name=\"twitter:label1\" content=\"Tiempo de lectura\" \/>\n\t<meta name=\"twitter:data1\" content=\"1 minuto\" \/>\n<script type=\"application\/ld+json\" class=\"yoast-schema-graph\">{\"@context\":\"https:\/\/schema.org\",\"@graph\":[{\"@type\":\"WebPage\",\"@id\":\"https:\/\/aral.cat\/es\/lotes-de-navidad-para-empresas\/\",\"url\":\"https:\/\/aral.cat\/es\/lotes-de-navidad-para-empresas\/\",\"name\":\"Lotes de Navidad para empresas - Aral\",\"isPartOf\":{\"@id\":\"https:\/\/aral.cat\/es\/#website\"},\"primaryImageOfPage\":{\"@id\":\"https:\/\/aral.cat\/es\/lotes-de-navidad-para-empresas\/#primaryimage\"},\"image\":{\"@id\":\"https:\/\/aral.cat\/es\/lotes-de-navidad-para-empresas\/#primaryimage\"},\"thumbnailUrl\":\"https:\/\/aral.cat\/wp-content\/uploads\/2025\/10\/lots-de-nadal-per-empreses.webp\",\"datePublished\":\"2025-10-17T10:14:41+00:00\",\"dateModified\":\"2025-10-17T10:35:57+00:00\",\"inLanguage\":\"es\",\"potentialAction\":[{\"@type\":\"ReadAction\",\"target\":[\"https:\/\/aral.cat\/es\/lotes-de-navidad-para-empresas\/\"]}]},{\"@type\":\"ImageObject\",\"inLanguage\":\"es\",\"@id\":\"https:\/\/aral.cat\/es\/lotes-de-navidad-para-empresas\/#primaryimage\",\"url\":\"https:\/\/aral.cat\/wp-content\/uploads\/2025\/10\/lots-de-nadal-per-empreses.webp\",\"contentUrl\":\"https:\/\/aral.cat\/wp-content\/uploads\/2025\/10\/lots-de-nadal-per-empreses.webp\"},{\"@type\":\"WebSite\",\"@id\":\"https:\/\/aral.cat\/es\/#website\",\"url\":\"https:\/\/aral.cat\/es\/\",\"name\":\"Aral\",\"description\":\"Distribuci\u00f3 de vins, caves i licors al Maresme i La Selva\",\"publisher\":{\"@id\":\"https:\/\/aral.cat\/es\/#organization\"},\"potentialAction\":[{\"@type\":\"SearchAction\",\"target\":{\"@type\":\"EntryPoint\",\"urlTemplate\":\"https:\/\/aral.cat\/es\/?s={search_term_string}\"},\"query-input\":{\"@type\":\"PropertyValueSpecification\",\"valueRequired\":true,\"valueName\":\"search_term_string\"}}],\"inLanguage\":\"es\"},{\"@type\":\"Organization\",\"@id\":\"https:\/\/aral.cat\/es\/#organization\",\"name\":\"Distribucions Aral\",\"url\":\"https:\/\/aral.cat\/es\/\",\"logo\":{\"@type\":\"ImageObject\",\"inLanguage\":\"es\",\"@id\":\"https:\/\/aral.cat\/es\/#\/schema\/logo\/image\/\",\"url\":\"https:\/\/aral.cat\/wp-content\/uploads\/2020\/07\/aral-central-de-distribucions.png\",\"contentUrl\":\"https:\/\/aral.cat\/wp-content\/uploads\/2020\/07\/aral-central-de-distribucions.png\",\"width\":220,\"height\":142,\"caption\":\"Distribucions Aral\"},\"image\":{\"@id\":\"https:\/\/aral.cat\/es\/#\/schema\/logo\/image\/\"},\"sameAs\":[\"https:\/\/www.facebook.com\/distribucionsaral\",\"https:\/\/www.instagram.com\/distribucionsaral\/\",\"https:\/\/www.linkedin.com\/company\/distribucions-aral\/\"]}]}<\/script>\n<!-- \/ Yoast SEO plugin. -->","yoast_head_json":{"title":"Lotes de Navidad para empresas - Aral","robots":{"index":"index","follow":"follow","max-snippet":"max-snippet:-1","max-image-preview":"max-image-preview:large","max-video-preview":"max-video-preview:-1"},"canonical":"https:\/\/aral.cat\/es\/lotes-de-navidad-para-empresas\/","og_locale":"es_ES","og_type":"article","og_title":"Lotes de Navidad para empresas - Aral","og_description":"Cestas y lotes de Navidad para empresas Sorprenda a su equipo y clientes con lotes y cestas de Navidad \u00fanicos, dise\u00f1ados para emocionar y transmitir agradecimiento. Descubra nuestro cat\u00e1logo y elija el regalo perfecto para su empresa. DESCARGUE EL CAT\u00c1LOGO EN PDF Ponemos a su disposici\u00f3n el amplio cat\u00e1logo de la empresa Mart\u00ed, especialistas en [&hellip;]","og_url":"https:\/\/aral.cat\/es\/lotes-de-navidad-para-empresas\/","og_site_name":"Aral","article_publisher":"https:\/\/www.facebook.com\/distribucionsaral","article_modified_time":"2025-10-17T10:35:57+00:00","og_image":[{"width":600,"height":595,"url":"https:\/\/aral.cat\/wp-content\/uploads\/2025\/10\/lots-de-nadal-per-empreses.webp","type":"image\/webp"}],"twitter_card":"summary_large_image","twitter_misc":{"Tiempo de lectura":"1 minuto"},"schema":{"@context":"https:\/\/schema.org","@graph":[{"@type":"WebPage","@id":"https:\/\/aral.cat\/es\/lotes-de-navidad-para-empresas\/","url":"https:\/\/aral.cat\/es\/lotes-de-navidad-para-empresas\/","name":"Lotes de Navidad para empresas - Aral","isPartOf":{"@id":"https:\/\/aral.cat\/es\/#website"},"primaryImageOfPage":{"@id":"https:\/\/aral.cat\/es\/lotes-de-navidad-para-empresas\/#primaryimage"},"image":{"@id":"https:\/\/aral.cat\/es\/lotes-de-navidad-para-empresas\/#primaryimage"},"thumbnailUrl":"https:\/\/aral.cat\/wp-content\/uploads\/2025\/10\/lots-de-nadal-per-empreses.webp","datePublished":"2025-10-17T10:14:41+00:00","dateModified":"2025-10-17T10:35:57+00:00","inLanguage":"es","potentialAction":[{"@type":"ReadAction","target":["https:\/\/aral.cat\/es\/lotes-de-navidad-para-empresas\/"]}]},{"@type":"ImageObject","inLanguage":"es","@id":"https:\/\/aral.cat\/es\/lotes-de-navidad-para-empresas\/#primaryimage","url":"https:\/\/aral.cat\/wp-content\/uploads\/2025\/10\/lots-de-nadal-per-empreses.webp","contentUrl":"https:\/\/aral.cat\/wp-content\/uploads\/2025\/10\/lots-de-nadal-per-empreses.webp"},{"@type":"WebSite","@id":"https:\/\/aral.cat\/es\/#website","url":"https:\/\/aral.cat\/es\/","name":"Aral","description":"Distribuci\u00f3 de vins, caves i licors al Maresme i La Selva","publisher":{"@id":"https:\/\/aral.cat\/es\/#organization"},"potentialAction":[{"@type":"SearchAction","target":{"@type":"EntryPoint","urlTemplate":"https:\/\/aral.cat\/es\/?s={search_term_string}"},"query-input":{"@type":"PropertyValueSpecification","valueRequired":true,"valueName":"search_term_string"}}],"inLanguage":"es"},{"@type":"Organization","@id":"https:\/\/aral.cat\/es\/#organization","name":"Distribucions Aral","url":"https:\/\/aral.cat\/es\/","logo":{"@type":"ImageObject","inLanguage":"es","@id":"https:\/\/aral.cat\/es\/#\/schema\/logo\/image\/","url":"https:\/\/aral.cat\/wp-content\/uploads\/2020\/07\/aral-central-de-distribucions.png","contentUrl":"https:\/\/aral.cat\/wp-content\/uploads\/2020\/07\/aral-central-de-distribucions.png","width":220,"height":142,"caption":"Distribucions Aral"},"image":{"@id":"https:\/\/aral.cat\/es\/#\/schema\/logo\/image\/"},"sameAs":["https:\/\/www.facebook.com\/distribucionsaral","https:\/\/www.instagram.com\/distribucionsaral\/","https:\/\/www.linkedin.com\/company\/distribucions-aral\/"]}]}},"_links":{"self":[{"href":"https:\/\/aral.cat\/es\/wp-json\/wp\/v2\/pages\/3504","targetHints":{"allow":["GET"]}}],"collection":[{"href":"https:\/\/aral.cat\/es\/wp-json\/wp\/v2\/pages"}],"about":[{"href":"https:\/\/aral.cat\/es\/wp-json\/wp\/v2\/types\/page"}],"author":[{"embeddable":true,"href":"https:\/\/aral.cat\/es\/wp-json\/wp\/v2\/users\/1"}],"replies":[{"embeddable":true,"href":"https:\/\/aral.cat\/es\/wp-json\/wp\/v2\/comments?post=3504"}],"version-history":[{"count":5,"href":"https:\/\/aral.cat\/es\/wp-json\/wp\/v2\/pages\/3504\/revisions"}],"predecessor-version":[{"id":3517,"href":"https:\/\/aral.cat\/es\/wp-json\/wp\/v2\/pages\/3504\/revisions\/3517"}],"wp:attachment":[{"href":"https:\/\/aral.cat\/es\/wp-json\/wp\/v2\/media?parent=3504"}],"curies":[{"name":"wp","href":"https:\/\/api.w.org\/{rel}","templated":true}]}}